{"id":249,"date":"2021-06-07T11:53:21","date_gmt":"2021-06-07T11:53:21","guid":{"rendered":"http:\/\/helge-polzin.de\/?page_id=249"},"modified":"2026-02-14T17:23:26","modified_gmt":"2026-02-14T17:23:26","slug":"eros-liebe-coaching-fuer-paare","status":"publish","type":"page","link":"https:\/\/helge-polzin.de\/?page_id=249","title":{"rendered":"HAPPY LOVELIFE"},"content":{"rendered":"\n<figure class=\"wp-block-image size-full\"><img fetchpriority=\"high\" decoding=\"async\" width=\"851\" height=\"312\" src=\"https:\/\/helge-polzin.de\/wp-content\/uploads\/2025\/12\/HAPPY-LOVELIFE-3.png\" alt=\"\" class=\"wp-image-688\" srcset=\"https:\/\/helge-polzin.de\/wp-content\/uploads\/2025\/12\/HAPPY-LOVELIFE-3.png 851w, https:\/\/helge-polzin.de\/wp-content\/uploads\/2025\/12\/HAPPY-LOVELIFE-3-300x110.png 300w, https:\/\/helge-polzin.de\/wp-content\/uploads\/2025\/12\/HAPPY-LOVELIFE-3-768x282.png 768w\" sizes=\"(max-width: 767px) 89vw, (max-width: 1000px) 54vw, (max-width: 1071px) 543px, 580px\" \/><figcaption class=\"wp-element-caption\">LIEBESGL\u00dcCK-COACHING<\/figcaption><\/figure>\n\n\n\n<h2 class=\"wp-block-heading has-text-align-center\"><strong>Meine Botschaft<\/strong><\/h2>\n\n\n\n<blockquote class=\"wp-block-quote is-layout-flow wp-block-quote-is-layout-flow\">\n<p><\/p>\n\n\n\n<p><strong>Sexualit\u00e4t ist kein Zustand, sondern ein Entwicklungsprozess.<\/strong><\/p>\n<\/blockquote>\n\n\n\n<blockquote class=\"wp-block-quote is-layout-flow wp-block-quote-is-layout-flow\">\n<p>Lust, N\u00e4he und Tiefe entstehen nicht durch Technik oder Leistung, sondern durch Zeit, Aufmerksamkeit und einen schamfreien Raum.<\/p>\n<\/blockquote>\n\n\n\n<h2 class=\"wp-block-heading has-text-align-center\"><strong>Meine Arbeit<\/strong><\/h2>\n\n\n\n<blockquote class=\"wp-block-quote is-layout-flow wp-block-quote-is-layout-flow\">\n<p><\/p>\n\n\n\n<p>In meiner Arbeit mit Paaren und Einzelpersonen verstehe ich Sexualit\u00e4t nicht als etwas, das \u201efunktionieren\u201c muss, sondern als einen lebendigen, lernf\u00e4higen Erfahrungsraum. <br>K\u00f6rper reagieren auf Aufmerksamkeit. Lust entwickelt sich durch Sicherheit. Tiefe entsteht dort, wo nichts optimiert werden muss.<\/p>\n<\/blockquote>\n\n\n\n<blockquote class=\"wp-block-quote is-layout-flow wp-block-quote-is-layout-flow\">\n<p>Statt Normen, Leistungsdruck oder schnellen L\u00f6sungen geht es um Verk\u00f6rperung, Wahrnehmung und Erlaubnis. Sexualit\u00e4t darf wachsen \u2013 in ihrem eigenen Tempo, in ihrer eigenen Form.<\/p>\n<\/blockquote>\n\n\n\n<blockquote class=\"wp-block-quote is-layout-flow wp-block-quote-is-layout-flow\">\n<p>Scham entsteht nicht im K\u00f6rper, sondern in den Bildern, Erwartungen und unausgesprochenen Regeln, die wir \u00fcber Sexualit\u00e4t gelernt haben. <br>Schamfreiheit bedeutet nicht Grenz\u00fcberschreitung, sondern Normalisierung: Das, was da ist, darf da sein \u2013 ohne Bewertung, Vergleich oder Ziel.<\/p>\n<\/blockquote>\n\n\n\n<blockquote class=\"wp-block-quote is-layout-flow wp-block-quote-is-layout-flow\">\n<p>Eure\/Deine Prozesse basieren auf Freiwilligkeit, Selbstbestimmung und innerer Zustimmung. Es geht nicht um Anpassung an neue Ideale, sondern um das Wiederfinden des eigenen K\u00f6rpers als vertrauensw\u00fcrdige Instanz.<\/p>\n\n\n\n<hr class=\"wp-block-separator has-alpha-channel-opacity\"\/>\n\n\n\n<p><strong>Wenn dies Resonanz in Euch\/Dir hat, dann freue ich mich \u00fcber eine Kontaktaufnahme unter: <\/strong> hp@helge-polzin.de. <br><strong>So k\u00f6nnen wir ein kostenfreies Kennenlerngespr\u00e4ch vereinbaren.<\/strong><\/p>\n\n\n\n<p>Meine Coachings sind individuell und punktgenau auf Euch\/Dich zugeschnitten.<\/p>\n\n\n\n<div class=\"wp-block-buttons is-content-justification-center is-layout-flex wp-container-core-buttons-is-layout-16018d1d wp-block-buttons-is-layout-flex\">\n<div class=\"wp-block-button is-style-outline is-style-outline--1\"><a class=\"wp-block-button__link wp-element-button\" href=\"https:\/\/lp.homodea.com\/life-trust-coaching-zertifikat?utm_campaign=21920982-Sunday_NL&amp;utm_medium=email&amp;_hsenc=p2ANqtz-_GCjEnGLz5KBjnNK4iUxPmXxkmIhYE6j9Hk0Ndlzvx0MwQtBdVCMDJOZf8hRW15DHl42_b0N4SK06W5AJCGC5ElRMGRA&amp;_hsmi=127257120&amp;utm_content=127257120&amp;utm_source=hs_email\">Warum solltest du einen Life Trust Coach\u00ae nehmen?<\/a><\/div>\n<\/div>\n<\/blockquote>\n","protected":false},"excerpt":{"rendered":"<p>Meine Botschaft Sexualit\u00e4t ist kein Zustand, sondern ein Entwicklungsprozess. Lust, N\u00e4he und Tiefe entstehen nicht durch Technik oder Leistung, sondern durch Zeit, Aufmerksamkeit und einen schamfreien Raum. Meine Arbeit In meiner Arbeit mit Paaren und Einzelpersonen verstehe ich Sexualit\u00e4t nicht als etwas, das \u201efunktionieren\u201c muss, sondern als einen lebendigen, lernf\u00e4higen Erfahrungsraum. K\u00f6rper reagieren auf Aufmerksamkeit. &hellip; <\/p>\n<p class=\"link-more\"><a href=\"https:\/\/helge-polzin.de\/?page_id=249\" class=\"more-link\"><span class=\"screen-reader-text\">\u201eHAPPY LOVELIFE\u201c<\/span> weiterlesen<\/a><\/p>\n","protected":false},"author":1,"featured_media":0,"parent":0,"menu_order":0,"comment_status":"closed","ping_status":"closed","template":"","meta":{"footnotes":""},"class_list":["post-249","page","type-page","status-publish","hentry"],"_links":{"self":[{"href":"https:\/\/helge-polzin.de\/index.php?rest_route=\/wp\/v2\/pages\/249","targetHints":{"allow":["GET"]}}],"collection":[{"href":"https:\/\/helge-polzin.de\/index.php?rest_route=\/wp\/v2\/pages"}],"about":[{"href":"https:\/\/helge-polzin.de\/index.php?rest_route=\/wp\/v2\/types\/page"}],"author":[{"embeddable":true,"href":"https:\/\/helge-polzin.de\/index.php?rest_route=\/wp\/v2\/users\/1"}],"replies":[{"embeddable":true,"href":"https:\/\/helge-polzin.de\/index.php?rest_route=%2Fwp%2Fv2%2Fcomments&post=249"}],"version-history":[{"count":56,"href":"https:\/\/helge-polzin.de\/index.php?rest_route=\/wp\/v2\/pages\/249\/revisions"}],"predecessor-version":[{"id":734,"href":"https:\/\/helge-polzin.de\/index.php?rest_route=\/wp\/v2\/pages\/249\/revisions\/734"}],"wp:attachment":[{"href":"https:\/\/helge-polzin.de\/index.php?rest_route=%2Fwp%2Fv2%2Fmedia&parent=249"}],"curies":[{"name":"wp","href":"https:\/\/api.w.org\/{rel}","templated":true}]}}