{"id":62,"date":"2018-02-15T06:56:07","date_gmt":"2018-02-15T06:56:07","guid":{"rendered":"http:\/\/helge-polzin.de\/?page_id=62"},"modified":"2025-03-20T05:59:14","modified_gmt":"2025-03-20T05:59:14","slug":"agb","status":"publish","type":"page","link":"https:\/\/helge-polzin.de\/?page_id=62","title":{"rendered":"AGB"},"content":{"rendered":"<h6><strong>\u00a7 1 Anmeldung\/Vertragsabschluss<\/strong><br \/>\n<strong> Sie k\u00f6nnen sich f\u00fcr die Veranstaltung \u201e&#8230;\u201c \u00fcber unser Anmeldeformular online anmelden. Hierf\u00fcr schicken Sie das Formular \u201eAnmeldung\/Infos\u201c per E-Mail an die Veranstalterin. Voraussetzung hierf\u00fcr ist stets, dass Sie best\u00e4tigen, von den AGB Kenntnis genommen zu haben und damit einverstanden zu sein. Bei Veranstaltungen mit begrenzter Teilnehmerzahl werden die Anmeldungen in der Reihenfolge ihres Eingangs ber\u00fccksichtigt. Mit der Best\u00e4tigung zum Vertragsabschluss per E-Mail ist Ihre Anmeldung und damit Teilnahme(m\u00f6glichkeit) an der Veranstaltung verbindlich zustande gekommen. Gleichzeitig erhalten Sie die Zahlungsinformationen per E-Mail.<\/strong><\/h6>\n<h6><strong>\u00a7 2 Preise u. Zahlungsmodalit\u00e4ten<\/strong><br \/>\n<strong>Die genannten Preise verstehen sich inklusive der gesetzlichen Mehrwertsteuer.<\/strong><br \/>\n<strong>Die Bezahlung findet, wenn nicht anders angegeben, per \u00dcberweisung nach der Bestellung statt.<\/strong><\/h6>\n<h6><strong>\u00a7 3 Stornierung<\/strong><br \/>\n<strong>Ihre Anmeldung ist verbindlich. Der R\u00fccktritt von einer Veranstaltung hat unter Wahrung der Widerspruchsfrist (siehe unten) generell schriftlich zu erfolgen an: Helge Polzin, Bochumer Str. 14, 28199 Bremen Tel.: 0421.69219632, hp@helge-polzin.de. Im Falle einer Stornierung berechnen wir die folgenden Geb\u00fchren:<\/strong><\/h6>\n<h6><strong>&#8211; bis 21 Tage vor Veranstaltungsbeginn erheben wir keine Geb\u00fchren<\/strong><\/h6>\n<h6><strong>&#8211; bis zum 10. Tag vor Veranstaltungsbeginn 50% der Seminargeb\u00fchren<\/strong><\/h6>\n<h6><strong>&#8211; bei sp\u00e4terer Stornierung bis zum Tag des Veranstaltungsbeginns ist die gesamte Geb\u00fchr f\u00e4llig.<\/strong><\/h6>\n<h6><strong>Ersatzteilnehmer k\u00f6nnen jedoch in verbindlicher schriftlicher Form genannt werden.<\/strong><\/h6>\n<h6><strong>Evtl. (Folge-) Sch\u00e4den, die dem Teilnehmer durch eine notwendige Absage der Veranstaltung entstehen, k\u00f6nnen nicht ersetzt werden. Dies gilt auch f\u00fcr eventuell notwendige Ver\u00e4nderungen des angek\u00fcndigten Vortrags- und Workshop-Programms.<\/strong><\/h6>\n<h6><strong>Der Vertrag f\u00fcr die regelm\u00e4\u00dfige Teilnahme an der Wochengruppe kann, nach Ablauf der ersten 3 Monate, mit einer Frist von 4 Wochen zum Monatsende gek\u00fcndigt werden.<\/strong><\/h6>\n<h6><strong>\u00a7 4 Umfang der Leistungen<\/strong><br \/>\n<strong>Der Umfang ergibt sich aus der jeweiligen Veranstaltungsbeschreibung. \u00c4nderungen bed\u00fcrfen der Schriftform.<\/strong><br \/>\n<strong>Anmeldeunterlagen mit Anfahrtshinweisen, genauem Ort und Infos erhalten Sie jeweils ca. 3-4 Tage vor dem Termin.<\/strong><\/h6>\n<h6><strong>\u00a7 5 Copyright<\/strong><br \/>\n<strong>Die Veranstaltungen d\u00fcrfen nicht aufgezeichnet werden. Schulungsmaterial darf nicht vervielf\u00e4ltigt werden.<\/strong><\/h6>\n<h6><strong>\u00a7 6 Beanstandungen<\/strong><br \/>\n<strong>Beanstandungen sind sofort w\u00e4hrend des Seminars oder sp\u00e4testens innerhalb von 14 Kalendertagen nach Seminardurchf\u00fchrung schriftlich zu richten an: Helge Polzin, Bochumer Str. 14, 28199 Bremen, Tel.: 0421.69219632, hp@helge-polzin.de.<\/strong><\/h6>\n<h6><strong>\u00a7 7 Teilnahmebedingungen<\/strong><br \/>\n<strong>Jeder Teilnehmer \u00fcbernimmt die Verantwortung f\u00fcr sich selbst, seine Handlungen und f\u00fcr das, was er w\u00e4hrend der Veranstaltung erlebt. Jegliche Haftung der Veranstalterin wird ausgeschlossen, es sei denn, Sch\u00e4den beruhen auf vors\u00e4tzlichem oder grob fahrl\u00e4ssigem Verhalten. Dies gilt nicht, wenn die Gr\u00fcnde einer Haftung nicht im Verantwortungsbereich der Veranstalterin liegen.<\/strong><\/h6>\n<h6><strong>\u00a7 8 Absage von Veranstaltungen<\/strong><br \/>\n<strong>Die Veranstalterin beh\u00e4lt sich vor, Veranstaltungen aufgrund einer zu geringen Teilnehmerzahl abzusagen oder zu verlegen. Der Teilnehmer wird in diesem Fall sp\u00e4testens 2 Werktage vor Veranstaltungsbeginn benachrichtigt. Bei Ausfall einer Veranstaltung durch Krankheit des Trainers, h\u00f6here Gewalt oder sonstige unvorhersehbare Ereignisse besteht kein Anspruch auf Durchf\u00fchrung der Veranstaltung.<\/strong><br \/>\n<strong>Muss ausnahmsweise eine Veranstaltung abgesagt werden, wird die bezahlte Teilnahmegeb\u00fchr unverz\u00fcglich erstattet. Weitergehende Haftungs- und Schadensersatzanspr\u00fcche sind ausgeschlossen, es sei denn, diese beruhen auf vors\u00e4tzlichem oder grob fahrl\u00e4ssigem Verhalten von gesetzlichen Vertretern oder Mitarbeitern von Helge Polzin.<\/strong><\/h6>\n<h6><strong>\u00a7 9 Datenschutz<\/strong><br \/>\n<strong>Die Veranstalterin sichert dem Kunden die vertrauliche Behandlung seiner f\u00fcr die Gesch\u00e4ftsabwicklung notwendigen personenbezogenen Daten zu, auch soweit diese gespeichert werden. Ich, Helge Polzin, weise darauf hin, dass sie die im Zusammenhang mit dem Vertrag erhaltenen Daten erheben, speichern, verarbeiten und nutzen wird, soweit dies f\u00fcr die ordnungsgem\u00e4\u00dfe Abwicklung des Vertrags und Information erforderlich ist.<\/strong><\/h6>\n","protected":false},"excerpt":{"rendered":"<p>\u00a7 1 Anmeldung\/Vertragsabschluss Sie k\u00f6nnen sich f\u00fcr die Veranstaltung \u201e&#8230;\u201c \u00fcber unser Anmeldeformular online anmelden. Hierf\u00fcr schicken Sie das Formular \u201eAnmeldung\/Infos\u201c per E-Mail an die Veranstalterin. Voraussetzung hierf\u00fcr ist stets, dass Sie best\u00e4tigen, von den AGB Kenntnis genommen zu haben und damit einverstanden zu sein. Bei Veranstaltungen mit begrenzter Teilnehmerzahl werden die Anmeldungen in der &hellip; <\/p>\n<p class=\"link-more\"><a href=\"https:\/\/helge-polzin.de\/?page_id=62\" class=\"more-link\"><span class=\"screen-reader-text\">\u201eAGB\u201c<\/span> weiterlesen<\/a><\/p>\n","protected":false},"author":1,"featured_media":0,"parent":0,"menu_order":0,"comment_status":"closed","ping_status":"closed","template":"","meta":{"footnotes":""},"class_list":["post-62","page","type-page","status-publish","hentry"],"_links":{"self":[{"href":"https:\/\/helge-polzin.de\/index.php?rest_route=\/wp\/v2\/pages\/62","targetHints":{"allow":["GET"]}}],"collection":[{"href":"https:\/\/helge-polzin.de\/index.php?rest_route=\/wp\/v2\/pages"}],"about":[{"href":"https:\/\/helge-polzin.de\/index.php?rest_route=\/wp\/v2\/types\/page"}],"author":[{"embeddable":true,"href":"https:\/\/helge-polzin.de\/index.php?rest_route=\/wp\/v2\/users\/1"}],"replies":[{"embeddable":true,"href":"https:\/\/helge-polzin.de\/index.php?rest_route=%2Fwp%2Fv2%2Fcomments&post=62"}],"version-history":[{"count":6,"href":"https:\/\/helge-polzin.de\/index.php?rest_route=\/wp\/v2\/pages\/62\/revisions"}],"predecessor-version":[{"id":639,"href":"https:\/\/helge-polzin.de\/index.php?rest_route=\/wp\/v2\/pages\/62\/revisions\/639"}],"wp:attachment":[{"href":"https:\/\/helge-polzin.de\/index.php?rest_route=%2Fwp%2Fv2%2Fmedia&parent=62"}],"curies":[{"name":"wp","href":"https:\/\/api.w.org\/{rel}","templated":true}]}}