{"id":85,"date":"2018-05-02T06:55:12","date_gmt":"2018-05-02T06:55:12","guid":{"rendered":"http:\/\/helge-polzin.de\/?page_id=85"},"modified":"2018-05-02T06:55:12","modified_gmt":"2018-05-02T06:55:12","slug":"os-plattform","status":"publish","type":"page","link":"https:\/\/helge-polzin.de\/?page_id=85","title":{"rendered":"OS-Plattform"},"content":{"rendered":"<p>Auf jeder Webseite, \u00fcber die \u00fcber die Kauf- oder Dienstleistungsvertr\u00e4ge mit Verbrauchern geschlossen werden, muss sich ein Hinweis auf die neue europ\u00e4ische Plattform zur Online-Streitbeilegung (sog. \u201eOS-Plattform\u201c) befinden.<\/p>\n<p>&nbsp;<\/p>\n<p>Hier geht es zur neuen OS-Plattform:\u00a0<a title=\"https:\/\/webgate.ec.europa.eu\/odr\/main\/index.cfm?event=main.home.chooseLanguage\" href=\"https:\/\/webgate.ec.europa.eu\/odr\/main\/index.cfm?event=main.home.chooseLanguage\" target=\"_blank\" rel=\"noopener\">OS-Plattform<\/a><\/p>\n","protected":false},"excerpt":{"rendered":"<p>Auf jeder Webseite, \u00fcber die \u00fcber die Kauf- oder Dienstleistungsvertr\u00e4ge mit Verbrauchern geschlossen werden, muss sich ein Hinweis auf die neue europ\u00e4ische Plattform zur Online-Streitbeilegung (sog. \u201eOS-Plattform\u201c) befinden. &nbsp; Hier geht es zur neuen OS-Plattform:\u00a0OS-Plattform<\/p>\n","protected":false},"author":1,"featured_media":0,"parent":0,"menu_order":0,"comment_status":"closed","ping_status":"closed","template":"","meta":{"footnotes":""},"class_list":["post-85","page","type-page","status-publish","hentry"],"_links":{"self":[{"href":"https:\/\/helge-polzin.de\/index.php?rest_route=\/wp\/v2\/pages\/85","targetHints":{"allow":["GET"]}}],"collection":[{"href":"https:\/\/helge-polzin.de\/index.php?rest_route=\/wp\/v2\/pages"}],"about":[{"href":"https:\/\/helge-polzin.de\/index.php?rest_route=\/wp\/v2\/types\/page"}],"author":[{"embeddable":true,"href":"https:\/\/helge-polzin.de\/index.php?rest_route=\/wp\/v2\/users\/1"}],"replies":[{"embeddable":true,"href":"https:\/\/helge-polzin.de\/index.php?rest_route=%2Fwp%2Fv2%2Fcomments&post=85"}],"version-history":[{"count":1,"href":"https:\/\/helge-polzin.de\/index.php?rest_route=\/wp\/v2\/pages\/85\/revisions"}],"predecessor-version":[{"id":86,"href":"https:\/\/helge-polzin.de\/index.php?rest_route=\/wp\/v2\/pages\/85\/revisions\/86"}],"wp:attachment":[{"href":"https:\/\/helge-polzin.de\/index.php?rest_route=%2Fwp%2Fv2%2Fmedia&parent=85"}],"curies":[{"name":"wp","href":"https:\/\/api.w.org\/{rel}","templated":true}]}}